{"id":1555,"date":"2018-12-14T15:21:27","date_gmt":"2018-12-14T14:21:27","guid":{"rendered":"https:\/\/www.aal-competence.com\/?page_id=1555"},"modified":"2023-10-09T14:41:01","modified_gmt":"2023-10-09T12:41:01","slug":"publications","status":"publish","type":"page","link":"https:\/\/www.aal-competence.com\/en\/publications\/","title":{"rendered":"Publications"},"content":{"rendered":"\n<style type=\"text\/css\" data-created_by=\"avia_inline_auto\" id=\"style-css-av-1vlsxs-20f99d763e994752ec4792536d7be8f9\">\n.flex_column.av-1vlsxs-20f99d763e994752ec4792536d7be8f9{\nborder-radius:0px 0px 0px 0px;\npadding:0px 0px 0px 0px;\n}\n<\/style>\n<div  class='flex_column av-1vlsxs-20f99d763e994752ec4792536d7be8f9 av_one_full  avia-builder-el-0  avia-builder-el-no-sibling  first flex_column_div av-zero-column-padding  '     ><p>\n<style type=\"text\/css\" data-created_by=\"avia_inline_auto\" id=\"style-css-av-jpo4cfhs-fd840171ef36cb2aaf9e8d949eff3902\">\n#top .av-special-heading.av-jpo4cfhs-fd840171ef36cb2aaf9e8d949eff3902{\npadding-bottom:10px;\n}\nbody .av-special-heading.av-jpo4cfhs-fd840171ef36cb2aaf9e8d949eff3902 .av-special-heading-tag .heading-char{\nfont-size:25px;\n}\n.av-special-heading.av-jpo4cfhs-fd840171ef36cb2aaf9e8d949eff3902 .av-subheading{\nfont-size:15px;\n}\n<\/style>\n<div  class='av-special-heading av-jpo4cfhs-fd840171ef36cb2aaf9e8d949eff3902 av-special-heading-h1  avia-builder-el-1  el_before_av_textblock  avia-builder-el-first  av-linked-heading'><h1 class='av-special-heading-tag '  itemprop=\"headline\"  >Publications (excerpt)<\/h1><div class=\"special-heading-border\"><div class=\"special-heading-inner-border\"><\/div><\/div><\/div><br \/>\n<section  class='av_textblock_section av-jpo3u3fj-eb5bbc6e1ba438e3a52a3eea13152011 '   itemscope=\"itemscope\" itemtype=\"https:\/\/schema.org\/CreativeWork\" ><div class='avia_textblock'  itemprop=\"text\" ><p>The following list shows an overview of publications of our AAL competence network team.<\/p>\n<\/div><\/section><br \/>\n\n<style type=\"text\/css\" data-created_by=\"avia_inline_auto\" id=\"style-css-av-821k9f-f482ce1300c84dc7997f645abafb9fb0\">\n#top .av-special-heading.av-821k9f-f482ce1300c84dc7997f645abafb9fb0{\npadding-bottom:10px;\n}\nbody .av-special-heading.av-821k9f-f482ce1300c84dc7997f645abafb9fb0 .av-special-heading-tag .heading-char{\nfont-size:25px;\n}\n.av-special-heading.av-821k9f-f482ce1300c84dc7997f645abafb9fb0 .av-subheading{\nfont-size:15px;\n}\n<\/style>\n<div  class='av-special-heading av-821k9f-f482ce1300c84dc7997f645abafb9fb0 av-special-heading-h3  avia-builder-el-3  el_after_av_textblock  el_before_av_textblock  av-linked-heading'><h3 class='av-special-heading-tag '  itemprop=\"headline\"  >2022<\/h3><div class=\"special-heading-border\"><div class=\"special-heading-inner-border\"><\/div><\/div><\/div><br \/>\n<section  class='av_textblock_section av-jpo3xbn3-062979172bcc6487f1798f16d7814282 '   itemscope=\"itemscope\" itemtype=\"https:\/\/schema.org\/CreativeWork\" ><div class='avia_textblock'  itemprop=\"text\" ><p>Bernhart, Josef; Promberger, Kurt; Simbrig, Ines; Vigl, Sonja (2022). Results of a representative survey on age and technology in South Tyrol. Bozen, Italy <a href=\"https:\/\/www.aal-competence.com\/wp-content\/uploads\/2022\/06\/Alter-und-Technik_de_WEB_FINAL.pdf\" target=\"_blank\" rel=\"noopener\">Download<\/a><\/p>\n<p><span class=\"ui-provider eb ayz aza azb azc azd aze azf azg azh azi azj azk azl azm azn azo azp azq azr azs azt azu azv azw azx azy azz baa bab bac bae baf bag bah\" dir=\"ltr\">Simbrig, Ines; van der Weegen, Sanne; Piazolo, Felix; Kofler, Manfred; Sturm, Nadine; Hvali\u010d-Touzery, Simona (2022). Impact of using aging-in-place technologies on quality of life: Results from a randomized controlled trial in four European countries. Gerontechnology, 21(1), 1-21. 2022.<\/span><\/p>\n<\/div><\/section><br \/>\n\n<style type=\"text\/css\" data-created_by=\"avia_inline_auto\" id=\"style-css-av-42cler-e0d7aecdce945a15816b448ba87bf460\">\n#top .av-special-heading.av-42cler-e0d7aecdce945a15816b448ba87bf460{\npadding-bottom:10px;\n}\nbody .av-special-heading.av-42cler-e0d7aecdce945a15816b448ba87bf460 .av-special-heading-tag .heading-char{\nfont-size:25px;\n}\n.av-special-heading.av-42cler-e0d7aecdce945a15816b448ba87bf460 .av-subheading{\nfont-size:15px;\n}\n<\/style>\n<div  class='av-special-heading av-42cler-e0d7aecdce945a15816b448ba87bf460 av-special-heading-h3  avia-builder-el-5  el_after_av_textblock  el_before_av_textblock  av-linked-heading'><h3 class='av-special-heading-tag '  itemprop=\"headline\"  >2020<\/h3><div class=\"special-heading-border\"><div class=\"special-heading-inner-border\"><\/div><\/div><\/div><br \/>\n<section  class='av_textblock_section av-6qg1v-ba827e4302a94381a0253b75899da8b1 '   itemscope=\"itemscope\" itemtype=\"https:\/\/schema.org\/CreativeWork\" ><div class='avia_textblock'  itemprop=\"text\" ><p>I. Simbrig, S. Hvali\u010d-Touzery, F. Piazolo, N. Sturm, S. van der Weegen (2020). The ievAALution RCT: Rationale, methods and first results of the pre-tests. Gerontechnology, 19(0), 1-1.<\/p>\n<p>M. Kofler, J. Metzler, S. Hvali\u010d-Touzery, V. Dolni\u010dar, N. Ates, S. Barth, F. Piazolo (2020). Integrated solutions for living longer at home. My-AHA Final symposium Proceedings of lectures, 18.-19.11. 2019, Innsbruck, Austria<\/p>\n<\/div><\/section><br \/>\n\n<style type=\"text\/css\" data-created_by=\"avia_inline_auto\" id=\"style-css-av-4l9jar-d57de5bb8015993243c7cf6ed4768126\">\n#top .av-special-heading.av-4l9jar-d57de5bb8015993243c7cf6ed4768126{\npadding-bottom:10px;\n}\nbody .av-special-heading.av-4l9jar-d57de5bb8015993243c7cf6ed4768126 .av-special-heading-tag .heading-char{\nfont-size:25px;\n}\n.av-special-heading.av-4l9jar-d57de5bb8015993243c7cf6ed4768126 .av-subheading{\nfont-size:15px;\n}\n<\/style>\n<div  class='av-special-heading av-4l9jar-d57de5bb8015993243c7cf6ed4768126 av-special-heading-h3  avia-builder-el-7  el_after_av_textblock  el_before_av_textblock '><h3 class='av-special-heading-tag '  itemprop=\"headline\"  >2018<\/h3><div class=\"special-heading-border\"><div class=\"special-heading-inner-border\"><\/div><\/div><\/div><br \/>\n<section  class='av_textblock_section av-2ika0z-074a2cc322c235d9f161044d0a3498a0 '   itemscope=\"itemscope\" itemtype=\"https:\/\/schema.org\/CreativeWork\" ><div class='avia_textblock'  itemprop=\"text\" ><p>Ates, N., Piazolo, F., Kathrein, J., &amp; F\u00f6rster, K. (2018). Design Science Research f\u00fcr Ambient Assisted Living Systeme (AAL). In R. Dachselt &amp; G. Weber (Eds.), <em>Mensch und Computer 2018 &#8211; Workshopband.<\/em> Dresden. https:\/\/doi.org\/10.18420\/muc2018-ws11-0514<\/p>\n<p>Kathrein, J., F\u00f6rster, K., Piazolo, F., &amp; Ates, N. (2018). Public funding and financing to scale up the usage of AAL solutions: Status quo and research approaches. In F. Piazolo &amp; S. Schl\u00f6gl (Eds.), <em>Innovative solutions for an ageing society <\/em>(pp.\u00a0116\u2013126). Lengerich: Pabst Science Publishers.<\/p>\n<p>Pallauf, M., H\u00e4mmerle, I., Kofler, M., F\u00f6rster, K., Werner, T., Ates, N., &amp; Kathrein, J. (2018). Evaluation results of an AAL pilot region: Extract of a pre-post comparison. In F. Piazolo &amp; S. Schl\u00f6gl (Eds.), <em>Innovative solutions for an ageing society <\/em>(pp.\u00a053\u201362). Lengerich: Pabst Science Publishers.<\/p>\n<p>Piazolo, F., Ates, N., Kathrein, J., &amp; F\u00f6rster, K. (2018). Smartes Wohnen im Alter \u2014 Ein Orchester der Akteure. <em>Wirtschaftsinformatik &amp; Management<\/em>, <em>10<\/em>, 66\u201377. https:\/\/doi.org\/10.1007\/s35764-018-0081-2<\/p>\n<\/div><\/section><br \/>\n\n<style type=\"text\/css\" data-created_by=\"avia_inline_auto\" id=\"style-css-av-5ffcsz-8c5c55705ec66c417f941650a7da4bcd\">\n#top .av-special-heading.av-5ffcsz-8c5c55705ec66c417f941650a7da4bcd{\npadding-bottom:10px;\n}\nbody .av-special-heading.av-5ffcsz-8c5c55705ec66c417f941650a7da4bcd .av-special-heading-tag .heading-char{\nfont-size:25px;\n}\n.av-special-heading.av-5ffcsz-8c5c55705ec66c417f941650a7da4bcd .av-subheading{\nfont-size:15px;\n}\n<\/style>\n<div  class='av-special-heading av-5ffcsz-8c5c55705ec66c417f941650a7da4bcd av-special-heading-h3  avia-builder-el-9  el_after_av_textblock  el_before_av_textblock '><h3 class='av-special-heading-tag '  itemprop=\"headline\"  >2017<\/h3><div class=\"special-heading-border\"><div class=\"special-heading-inner-border\"><\/div><\/div><\/div><br \/>\n<section  class='av_textblock_section av-jpo3xm13-81c520cc20120f5ce301cede5e689378 '   itemscope=\"itemscope\" itemtype=\"https:\/\/schema.org\/CreativeWork\" ><div class='avia_textblock'  itemprop=\"text\" ><p>Ates, N. (2017). <em>Entwicklung einer Design Science Theorie f\u00fcr Ambient and Assisted Living (AAL) Systeme : ein Anwendungsbeispiel auf Grundlage einer Assistenzl\u00f6sung f\u00fcr das Risiko- und Notfallmanagement in der institutionellen Pflege<\/em>. Dissertation. Innsbruck: Hochschulschriften.<\/p>\n<p>Ates, N., Aumayr, G., Drobics, M., F\u00f6rster, K. M., Frauenberger, C., Garschall, M.,\u00a0.\u00a0.\u00a0. Willner, V. (2017). Assistive solutions in practice: Experiences from AAL pilot regions in Austria. In D. Hayn &amp; G. Schreier (Eds.), <em>Health Informatics meets eHealth <\/em>(pp.\u00a0184\u2013195). Retrieved from http:\/\/www.aal.at\/wp-content\/uploads\/2016\/02\/SHTI236-0184.pdf<\/p>\n<p>Bender, P., Piazolo, F., F\u00f6rster, K., &amp; K\u00f6ster, Lennart, Promberger, Kurt. (2017). Measuring software usability of AAL web-based solutions. In F. Piazolo &amp; S. Schl\u00f6gl (Eds.), <em>Innovative L\u00f6sungen f\u00fcr eine alternde Gesellschaft: Konferenzbeitr\u00e4ge der &#8220;Smarter Lives 16&#8221;, 29.11.2016, Innsbruck <\/em>(pp.\u00a077\u2013109). Lengerich: Pabst Science Publishers.<\/p>\n<p>F\u00f6rster, K., Werner, T., H\u00e4mmerle, I., Kofler, M., Ates, N., Piazolo, F.,\u00a0.\u00a0.\u00a0. Fuxreiter, T. (2017). Lessons learned zur Planung und Durchf\u00fchrung von AAL Testregionen. In G. Kempter &amp; I. H\u00e4mmerle (Eds.), <em>Umgebungsunterst\u00fctztes Leben: Beitr\u00e4ge zum Usability Day XV, 22. Juni 2017 <\/em>(1st ed., pp.\u00a0113\u2013121). Lengerich: Pabst Science Publishers.<\/p>\n<p>Pallauf, M., Kofler, M., Ates, N., F\u00f6rster, K., H\u00e4mmerle, I., Piazolo, F., &amp; Werner, T. (2017). Aal-L\u00f6sungen im realen Testumfeld &#8211; Evaluationsauszug der Testregion West-AAL. In G. Kempter &amp; I. H\u00e4mmerle (Eds.), <em>Umgebungsunterst\u00fctztes Leben: Beitr\u00e4ge zum Usability Day XV, 22. <\/em><em>Juni 2017 <\/em>(1st ed., pp.\u00a022\u201330). Lengerich: Pabst Science Publishers.<\/p>\n<p>Steinfest, I., Piazolo, F., F\u00f6rster, K., &amp; Promberger, K. (2017). Use of design science research in social innovation initiatives. In F. Piazolo &amp; S. Schl\u00f6gl (Eds.), <em>Innovative L\u00f6sungen f\u00fcr eine alternde Gesellschaft: Konferenzbeitr\u00e4ge der &#8220;Smarter Lives 16&#8221;, 29.11.2016, Innsbruck <\/em>(pp.\u00a0156\u2013179). Lengerich: Pabst Science Publishers.<\/p>\n<\/div><\/section><br \/>\n\n<style type=\"text\/css\" data-created_by=\"avia_inline_auto\" id=\"style-css-av-3iufmr-ffbda1a2842c118e4b960e8238fede91\">\n#top .av-special-heading.av-3iufmr-ffbda1a2842c118e4b960e8238fede91{\npadding-bottom:10px;\n}\nbody .av-special-heading.av-3iufmr-ffbda1a2842c118e4b960e8238fede91 .av-special-heading-tag .heading-char{\nfont-size:25px;\n}\n.av-special-heading.av-3iufmr-ffbda1a2842c118e4b960e8238fede91 .av-subheading{\nfont-size:15px;\n}\n<\/style>\n<div  class='av-special-heading av-3iufmr-ffbda1a2842c118e4b960e8238fede91 av-special-heading-h3  avia-builder-el-11  el_after_av_textblock  el_before_av_textblock '><h3 class='av-special-heading-tag '  itemprop=\"headline\"  >2015<\/h3><div class=\"special-heading-border\"><div class=\"special-heading-inner-border\"><\/div><\/div><\/div><br \/>\n<section  class='av_textblock_section av-jpo3y6io-eddcd9df9c4cbdf69598053ae224ead5 '   itemscope=\"itemscope\" itemtype=\"https:\/\/schema.org\/CreativeWork\" ><div class='avia_textblock'  itemprop=\"text\" ><p>Paa, L., Piazolo, F., F\u00f6rster, K. (2015). Social media platforms for elderly \u2013 a general privacy and data security risk analysis. In: A. Balthasar et al. (Eds.): CEE e\u2502Dem and e\u2502 Gov Days 2015. Independence Day: Time for a European Internet?, OCG, Wien 2015.<\/p>\n<\/div><\/section><br \/>\n\n<style type=\"text\/css\" data-created_by=\"avia_inline_auto\" id=\"style-css-av-2e1t9f-f3d8d7d45d5d3a38ed6140db490526a6\">\n#top .av-special-heading.av-2e1t9f-f3d8d7d45d5d3a38ed6140db490526a6{\npadding-bottom:10px;\n}\nbody .av-special-heading.av-2e1t9f-f3d8d7d45d5d3a38ed6140db490526a6 .av-special-heading-tag .heading-char{\nfont-size:25px;\n}\n.av-special-heading.av-2e1t9f-f3d8d7d45d5d3a38ed6140db490526a6 .av-subheading{\nfont-size:15px;\n}\n<\/style>\n<div  class='av-special-heading av-2e1t9f-f3d8d7d45d5d3a38ed6140db490526a6 av-special-heading-h3  avia-builder-el-13  el_after_av_textblock  el_before_av_textblock '><h3 class='av-special-heading-tag '  itemprop=\"headline\"  >2014<\/h3><div class=\"special-heading-border\"><div class=\"special-heading-inner-border\"><\/div><\/div><\/div><br \/>\n<section  class='av_textblock_section av-jpo3zca2-149c7779ebd297e5d822815f0652e6a0 '   itemscope=\"itemscope\" itemtype=\"https:\/\/schema.org\/CreativeWork\" ><div class='avia_textblock'  itemprop=\"text\" ><p>Kofler, M., Ates, N., &amp; Piazolo, F. (2014). Potential des Erfahrungskapitals im demografischen Wandel. In G. Kempter &amp; W. Ritter (Eds.), <em>Assistenztechnik f\u00fcr betreutes Wohnen: Beitr\u00e4ge zum Usability Day XII, 16. Mai 2014 <\/em>(pp.\u00a015\u201323). Lengerich: Pabst Science Publ.<\/p>\n<p>Kulmbrein, P., K\u00f6ster, L., Piazolo, F., &amp; Kuhn, J. (2014). 2PCS &#8211; Personal Protection &amp;\u00a0Caring System. In G. Kempter &amp; W. Ritter (Eds.), <em>Assistenztechnik f\u00fcr betreutes Wohnen: Beitr\u00e4ge zum Usability Day XII, 16. Mai 2014 <\/em>(pp.\u00a0192\u2013197). Lengerich: Pabst Science Publ.<\/p>\n<p>Piazolo, F., Ates, N., K\u00f6ster, L., &amp; Promberger, K. (2014). Struktur, Technologie und Hilfsmitteleinsatz im Betreuungs- und Pflegewesen. In G. Kempter &amp; W. Ritter (Eds.), <em>Assistenztechnik f\u00fcr betreutes Wohnen: Beitr\u00e4ge zum Usability Day XII, 16. <\/em><em>Mai 2014 <\/em>(pp.\u00a0280\u2013286). Lengerich: Pabst Science Publ.<\/p>\n<\/div><\/section><\/p><\/div>\n","protected":false},"excerpt":{"rendered":"","protected":false},"author":10,"featured_media":0,"parent":0,"menu_order":0,"comment_status":"closed","ping_status":"closed","template":"","meta":{"footnotes":""},"class_list":["post-1555","page","type-page","status-publish","hentry"],"yoast_head":"<!-- This site is optimized with the Yoast SEO plugin v27.4 - https:\/\/yoast.com\/product\/yoast-seo-wordpress\/ -->\n<title>Publications - AAL Competence<\/title>\n<meta name=\"robots\" content=\"index, follow, max-snippet:-1, max-image-preview:large, max-video-preview:-1\" \/>\n<link rel=\"canonical\" href=\"https:\/\/www.aal-competence.com\/en\/publications\/\" \/>\n<meta property=\"og:locale\" content=\"en_US\" \/>\n<meta property=\"og:type\" content=\"article\" \/>\n<meta property=\"og:title\" content=\"Publications - AAL Competence\" \/>\n<meta property=\"og:url\" content=\"https:\/\/www.aal-competence.com\/en\/publications\/\" \/>\n<meta property=\"og:site_name\" content=\"AAL Competence\" \/>\n<meta property=\"article:modified_time\" content=\"2023-10-09T12:41:01+00:00\" \/>\n<meta name=\"twitter:card\" content=\"summary_large_image\" \/>\n<meta name=\"twitter:label1\" content=\"Est. reading time\" \/>\n\t<meta name=\"twitter:data1\" content=\"6 minutes\" \/>\n<script type=\"application\/ld+json\" class=\"yoast-schema-graph\">{\"@context\":\"https:\\\/\\\/schema.org\",\"@graph\":[{\"@type\":\"WebPage\",\"@id\":\"https:\\\/\\\/www.aal-competence.com\\\/en\\\/publications\\\/\",\"url\":\"https:\\\/\\\/www.aal-competence.com\\\/en\\\/publications\\\/\",\"name\":\"Publications - AAL Competence\",\"isPartOf\":{\"@id\":\"https:\\\/\\\/www.aal-competence.com\\\/#website\"},\"datePublished\":\"2018-12-14T14:21:27+00:00\",\"dateModified\":\"2023-10-09T12:41:01+00:00\",\"breadcrumb\":{\"@id\":\"https:\\\/\\\/www.aal-competence.com\\\/en\\\/publications\\\/#breadcrumb\"},\"inLanguage\":\"en-US\",\"potentialAction\":[{\"@type\":\"ReadAction\",\"target\":[\"https:\\\/\\\/www.aal-competence.com\\\/en\\\/publications\\\/\"]}]},{\"@type\":\"BreadcrumbList\",\"@id\":\"https:\\\/\\\/www.aal-competence.com\\\/en\\\/publications\\\/#breadcrumb\",\"itemListElement\":[{\"@type\":\"ListItem\",\"position\":1,\"name\":\"Startseite\",\"item\":\"https:\\\/\\\/www.aal-competence.com\\\/en\\\/\"},{\"@type\":\"ListItem\",\"position\":2,\"name\":\"Publications\"}]},{\"@type\":\"WebSite\",\"@id\":\"https:\\\/\\\/www.aal-competence.com\\\/#website\",\"url\":\"https:\\\/\\\/www.aal-competence.com\\\/\",\"name\":\"AAL Competence\",\"description\":\"AAL Competence Network\",\"potentialAction\":[{\"@type\":\"SearchAction\",\"target\":{\"@type\":\"EntryPoint\",\"urlTemplate\":\"https:\\\/\\\/www.aal-competence.com\\\/?s={search_term_string}\"},\"query-input\":{\"@type\":\"PropertyValueSpecification\",\"valueRequired\":true,\"valueName\":\"search_term_string\"}}],\"inLanguage\":\"en-US\"}]}<\/script>\n<!-- \/ Yoast SEO plugin. -->","yoast_head_json":{"title":"Publications - AAL Competence","robots":{"index":"index","follow":"follow","max-snippet":"max-snippet:-1","max-image-preview":"max-image-preview:large","max-video-preview":"max-video-preview:-1"},"canonical":"https:\/\/www.aal-competence.com\/en\/publications\/","og_locale":"en_US","og_type":"article","og_title":"Publications - AAL Competence","og_url":"https:\/\/www.aal-competence.com\/en\/publications\/","og_site_name":"AAL Competence","article_modified_time":"2023-10-09T12:41:01+00:00","twitter_card":"summary_large_image","twitter_misc":{"Est. reading time":"6 minutes"},"schema":{"@context":"https:\/\/schema.org","@graph":[{"@type":"WebPage","@id":"https:\/\/www.aal-competence.com\/en\/publications\/","url":"https:\/\/www.aal-competence.com\/en\/publications\/","name":"Publications - AAL Competence","isPartOf":{"@id":"https:\/\/www.aal-competence.com\/#website"},"datePublished":"2018-12-14T14:21:27+00:00","dateModified":"2023-10-09T12:41:01+00:00","breadcrumb":{"@id":"https:\/\/www.aal-competence.com\/en\/publications\/#breadcrumb"},"inLanguage":"en-US","potentialAction":[{"@type":"ReadAction","target":["https:\/\/www.aal-competence.com\/en\/publications\/"]}]},{"@type":"BreadcrumbList","@id":"https:\/\/www.aal-competence.com\/en\/publications\/#breadcrumb","itemListElement":[{"@type":"ListItem","position":1,"name":"Startseite","item":"https:\/\/www.aal-competence.com\/en\/"},{"@type":"ListItem","position":2,"name":"Publications"}]},{"@type":"WebSite","@id":"https:\/\/www.aal-competence.com\/#website","url":"https:\/\/www.aal-competence.com\/","name":"AAL Competence","description":"AAL Competence Network","potentialAction":[{"@type":"SearchAction","target":{"@type":"EntryPoint","urlTemplate":"https:\/\/www.aal-competence.com\/?s={search_term_string}"},"query-input":{"@type":"PropertyValueSpecification","valueRequired":true,"valueName":"search_term_string"}}],"inLanguage":"en-US"}]}},"_links":{"self":[{"href":"https:\/\/www.aal-competence.com\/en\/wp-json\/wp\/v2\/pages\/1555","targetHints":{"allow":["GET"]}}],"collection":[{"href":"https:\/\/www.aal-competence.com\/en\/wp-json\/wp\/v2\/pages"}],"about":[{"href":"https:\/\/www.aal-competence.com\/en\/wp-json\/wp\/v2\/types\/page"}],"author":[{"embeddable":true,"href":"https:\/\/www.aal-competence.com\/en\/wp-json\/wp\/v2\/users\/10"}],"replies":[{"embeddable":true,"href":"https:\/\/www.aal-competence.com\/en\/wp-json\/wp\/v2\/comments?post=1555"}],"version-history":[{"count":8,"href":"https:\/\/www.aal-competence.com\/en\/wp-json\/wp\/v2\/pages\/1555\/revisions"}],"predecessor-version":[{"id":1889,"href":"https:\/\/www.aal-competence.com\/en\/wp-json\/wp\/v2\/pages\/1555\/revisions\/1889"}],"wp:attachment":[{"href":"https:\/\/www.aal-competence.com\/en\/wp-json\/wp\/v2\/media?parent=1555"}],"curies":[{"name":"wp","href":"https:\/\/api.w.org\/{rel}","templated":true}]}}